{"id":34,"date":"2023-07-25T04:26:28","date_gmt":"2023-07-25T04:26:28","guid":{"rendered":"https:\/\/soyharmonico.com\/blog\/home\/"},"modified":"2024-02-02T02:06:06","modified_gmt":"2024-02-02T02:06:06","slug":"home","status":"publish","type":"page","link":"https:\/\/soyharmonico.com\/blog\/","title":{"rendered":"Home"},"content":{"rendered":"\n\n\n\n\n\n\n<h3>About Me<\/h3>\n\n<h5>Here are a few things about me<\/h5>\n<p style=\"text-align: left\">Lorem ipsum dolor sit amet, consectetur adipiscing elit, sed do eiusmod tempor incididunt ut labore et dolore magna aliqua. <\/p>\n<p style=\"text-align: left\"> Ut enim ad minim veniam, quis nostrud exercitation ullamco laboris nisi ut aliquip ex ea commodo consequat.\u00a0 Excepteur sint occaecat cupidatat non proident, sunt in culpa qui officia deserunt mollit anim id est laborum.Lorem ipsum dolor sit amet, consectetur adipiscing elit, sed do eiusmod tempor incididunt ut labore et dolore magna aliqua. <\/p>\n<p style=\"text-align: left\"> Turpis egestas maecenas pharetra convallis. In hendrerit gravida rutrum quisque non. Erat pellentesque adipiscing commodo elit at. Adipiscing tristique risus nec feugiat in fermentum. Et egestas quis ipsum suspendisse ultrices.<\/p>\n<p style=\"text-align: left\">Duis aute irure dolor in reprehenderit in voluptate velit esse cillum dolore eu fugiat nulla pariatur. Excepteur sint occaecat cupidatat non proident, sunt in culpa qui sed do eiusmod tempor incididunt dolore magna aliqua. <\/p>\n<p style=\"text-align: left\">Phasellus euismod aliquet condimentum. Curabitur vitae posuere nisl. Nunc in felis sagittis, venenatis sem sit amet, elementum urna lorem.<\/p>\n<p style=\"text-align: left\">Duis commodo felis non iaculis rhoncus. Proin conv velit et gravida ornare. Class aptent taciti sociosqu ad litora torquent per conubia nostra.<\/p>\n<h4>Danie Jackson<\/h4>\n\n<h2>Danie Jackson<\/h2>\n\n\n\n\n\n\n\n\n<h5>La filosof\u00eda de<\/h5>\n<h3>PEON BOHEMIO<\/h3>\n<h3>PRESENTACION<\/h3>\n\n<p>El origen del Pe\u00f3n Bohemio se remonta a la cuarentena del 2020, fue durante aquel sinuoso y complicado periodo de la humanidad, que mi cabeza relacion\u00f3 por primera vez a un pe\u00f3n de ajedrez, con el concepto de una vida bohemia. La asimilaci\u00f3n comenz\u00f3 siendo un pensamiento m\u00e1s, otro barrilete volando por mi mente tratando de encontrar en el cielo, la manera de entender y asimilar lo que estaba sucediendo. Era un contexto dist\u00f3pico, resultaba muy dif\u00edcil sobrellevarlo siendo v\u00edctima de la constante incertidumbre y la paranoia general. La pandemia desafi\u00f3 inmediatamente el temple de las personas, quebr\u00f3 a miles apenas lleg\u00f3, y a quienes se predispusieron a resistir, les acech\u00f3 constantemente con el miedo, la confusi\u00f3n y la angustia, haciendo que sus mentes se vean inevitablemente desgastadas con el silencioso paso del tiempo, que parec\u00eda ser tan fugaz, como interminable. Muchas personas, como as\u00ed instituciones, empresas, y hasta naciones enteras, sufrieron un escalofriante jaque mate por parte del Covid-19 y su oscuro universo arrastrado. Sin econom\u00eda ni libertad, el juego por sobrevivir se hizo muy dif\u00edcil. Sobre todo lo fue para m\u00ed, pues me encontraba viviendo solo y muy lejos de mi casa en Argentina, ya que no hac\u00eda muchos meses atr\u00e1s, lo hab\u00eda apostado todo para poder irme a vivir a Italia. Con mucho esfuerzo y sacrificio, hab\u00eda logrado establecerme en Venecia, trabajando como bar manager en un lujoso hotel del centro de la ciudad. Pero no hab\u00eda siquiera podido disfrutar lo suficiente de aquella maravillosa experiencia, que la cuarentena me la arrebat\u00f3, para luego distorsionarme las reglas de juego y sumergirme en una nueva y tenebrosa realidad.<br><\/p>\n<p><a href=\"www.peon.com\">Continuar leyendo<\/a><br><\/p>\n\n\n\n\n<h3>Proyectos<\/h3>\n\n<p style=\"text-align: center\">En la medida que pueda ir desarrollando la pagina, <br> podr\u00e9 compartir con ustedes mis proyectos y vivencias<\/p>\n\n\n\n\n<h4>DIARIO VILLAS<\/h4>\n<h4>Photography<\/h4>\n\n\n\n\n\n<h4>LA AMISTAD ES UN TESORO<\/h4>\n<h4>QUE SE CUENTA COMO HISTORIAS<\/h4>\n\n\n\n<h4>fashion<\/h4>\n<h4>Photography<\/h4>\n\n\n\n\n\n<p style=\"text-align: left;padding-left: 30px;text-transform: uppercase\"><span style=\"font-size: 30px;text-align: left\">Wedding<\/span><\/p>\n<p style=\"text-align: left\"><span style=\"text-transform: uppercase;font-size: 35px;padding-left: 30px\">Photography<\/span><\/p>\n\n\n\n\n\n\n<h3>Our Awesome Work<\/h3>\n\n<p style=\"text-align: center\">Lorem ipsum dolor sit amet, consectetur adipiscing elit, sed do eiusmod  dolor in<br>tempor incididunt ut labore et dolore magna aliqua,  eiusmod tempor<br \/> incididunt dolore<\/p>\n\n\n\n\n\n\n\n\n\n\n\n\n\n\n\n\n\n\n<p style=\"text-align: left;padding-left: 30px;text-transform: uppercase\"><span style=\"font-size: 30px;text-align: left\">Wedding<\/span><\/p>\n<p style=\"text-align: left\"><span style=\"text-transform: uppercase;font-size: 35px;padding-left: 30px\">Photography<\/span><\/p>\n\n\n\n\n\n\n\n\n\n\n\n\n\n\n\n\n\n\n\n\n\n\n<h3>Momentos<\/h3>\n\n\n<p style=\"font-size: 17px\">&#8220;Aquel d\u00eda dibuj\u00e9 deseando la paz,\ny los ni\u00f1os llegaron para dibujarla conmigo&#8221; <\/p>\n<p style=\"font-size: 17px\">&#8220;Lorem ipsum dolor sit ametsed do eiusmodet dolore magna aliqua. Uquis nostrud <br>exercitation ullamco commodo consequat. Donec viverra vel massa at posuere <br>Aliquam et fringilla augue consequat posuere sem.&#8221; <\/p>\n<p style=\"font-size: 17px\">&#8220;Lorem ipsum dolor sit ametsed do eiusmodet dolore magna aliqua. Uquis nostrud <br>exercitation ullamco commodo consequat. Donec viverra vel massa at posuere <br>Aliquam et fringilla augue consequat posuere sem.&#8221; <\/p>\n\n\n\n","protected":false},"excerpt":{"rendered":"","protected":false},"author":0,"featured_media":0,"parent":0,"menu_order":0,"comment_status":"closed","ping_status":"closed","template":"","meta":{"pagelayer_contact_templates":[],"_pagelayer_content":"","footnotes":""},"class_list":["post-34","page","type-page","status-publish","hentry"],"_links":{"self":[{"href":"https:\/\/soyharmonico.com\/blog\/wp-json\/wp\/v2\/pages\/34","targetHints":{"allow":["GET"]}}],"collection":[{"href":"https:\/\/soyharmonico.com\/blog\/wp-json\/wp\/v2\/pages"}],"about":[{"href":"https:\/\/soyharmonico.com\/blog\/wp-json\/wp\/v2\/types\/page"}],"replies":[{"embeddable":true,"href":"https:\/\/soyharmonico.com\/blog\/wp-json\/wp\/v2\/comments?post=34"}],"version-history":[{"count":2,"href":"https:\/\/soyharmonico.com\/blog\/wp-json\/wp\/v2\/pages\/34\/revisions"}],"predecessor-version":[{"id":73,"href":"https:\/\/soyharmonico.com\/blog\/wp-json\/wp\/v2\/pages\/34\/revisions\/73"}],"wp:attachment":[{"href":"https:\/\/soyharmonico.com\/blog\/wp-json\/wp\/v2\/media?parent=34"}],"curies":[{"name":"wp","href":"https:\/\/api.w.org\/{rel}","templated":true}]}}