{"id":47,"date":"2024-02-02T00:07:05","date_gmt":"2024-02-02T00:07:05","guid":{"rendered":"https:\/\/soyharmonico.com\/blog\/?page_id=47"},"modified":"2024-03-29T22:21:43","modified_gmt":"2024-03-29T22:21:43","slug":"escritor","status":"publish","type":"page","link":"https:\/\/soyharmonico.com\/blog\/escritor\/","title":{"rendered":"Escritor"},"content":{"rendered":"\n\n\n<h4><center> <img decoding=\"async\" src=\"https:\/\/soyharmonico.com\/blog\/wp-content\/uploads\/2024\/03\/image-1.png\"><em style=\"color: rgb(68, 68, 68);\"><br><\/em><\/center><\/h4>\n\n<h4><em style=\"color: rgb(68, 68, 68);\">El sue\u00f1o del ni\u00f1o escritor<\/em><\/h4>\n\n<p><br><\/p>\n<p style=\"text-align: justify;\">Comenc\u00e9 a escribir pr\u00e1cticamente desde el momento en que se me ense\u00f1\u00f3, cuando ten\u00eda 6 a\u00f1os, y entonces no dejaba de escribir cartas de amor a todo lo que amaba, ya sea mi mam\u00e1, como al canario que ten\u00edamos en casa o a la chica que me gustaba en el colegio.&nbsp; El amor se entrelazaba con todas las fantas\u00edas de mi ni\u00f1ez, y por eso escrib\u00eda para narrar algo que justificase la emoci\u00f3n de mi sentir. Todo siempre era intenso, ferviente y carnal, escribir me ayudaba a exteriorizarlo y darle un sentido, porque aquello lo hac\u00eda por devoci\u00f3n.<br><br><\/p>\n<p style=\"text-align: justify;\">Recuerdo cuando mi pap\u00e1 y mi mam\u00e1 me regalaron una&nbsp;<em>Parker<\/em>, mi primer pluma, y que al ver el trazo de la tinta impregnarse en el papel, sent\u00ed una completa euforia de escribir por escribir. Ese fue el momento en que decid\u00ed \u201cqu\u00e9 es lo que quer\u00eda ser de grande\u201d: escritor. Me imaginaba siendo un gran novelista, como otro autor de los tantos que hab\u00eda en mi colorida biblioteca. Yo sab\u00eda muy bien que ten\u00eda una gran imaginaci\u00f3n, y que gracias a que siempre me gust\u00f3 contar en la mesa, qu\u00e9 es lo que me hab\u00eda sucedido durante el d\u00eda de aventuras que para m\u00ed era el colegio, ten\u00eda tambi\u00e9n un gran talento de narrativa. Fue entonces cuando escrib\u00ed mis primeros cuentos, que no eran cuentos, sino historias&nbsp; con dibujitos en varias hojas, pero eso s\u00ed, con su t\u00edtulo y un color\u00edn colorado.<br><br><\/p>\n<p style=\"text-align: justify;\">Ya en mi adolescencia el cambio de siglo hab\u00eda tra\u00eddo a mis manos el teclado, y escribir flu\u00eda de otra manera. Si bien nunca abandonaba el estilo cl\u00e1sico, el descubrimiento de Word me hizo so\u00f1ar con la posibilidad de maquetizar grandes historias que ser\u00edan&nbsp;<em>bestsellers.<\/em>&nbsp;Y entonces comenc\u00e9 un sinf\u00edn de libros que siempre luchaban por un cap\u00edtulo m\u00e1s, sin nunca llegar a nada. Lo que podr\u00eda parecer una sucesi\u00f3n de fracasos, es para m\u00ed el proceso de pr\u00e1ctica y aprendizaje, adem\u00e1s del enorme apetito que despierta por fin realizar uno. Ah\u00ed fue que se gest\u00f3 el sue\u00f1o de&nbsp;<em>\u201cquiero escribir un libro\u201d.<\/em><\/p>\n<p style=\"text-align: justify;\">La rutina de Capital Federal hab\u00eda desgastado mis tiempos para ser lo que so\u00f1aba. Viajando sab\u00eda que tendr\u00eda el tiempo y la inspiraci\u00f3n para escribir. Fue por eso, que a la hora de emprender tal aventura, lejos de parecer una fuga, fue una b\u00fasqueda. Cuando dec\u00eda que viajar\u00eda para escribir mi primer libro, nadie encontraba fundamentos para decirme que eso era una mala idea.&nbsp; Entonces, viaj\u00e9 y lo logr\u00e9: \u201cEl mundo en el patio de mi casa\u201d, un libro que cuenta no solo la historia de una gran aventura, sino que por sus componentes y valor, resulta ser testimonio de importantes aprendizajes y reflexiones.<\/p><p style=\"text-align: justify;\"><br><\/p><p style=\"text-align: justify;\">Por alguna extra\u00f1a y conocida raz\u00f3n, a\u00fan no he publicado aquel primer libro. A lo largo de todos estos a\u00f1os se mantuvo en constante gestaci\u00f3n, buscando su momento de ser y nacer. La vida me fue llevando por varias interpretaciones del mismo, y sea su final, su principio o su lineamiento, siempre algo cambi\u00f3 para mejor. Celosamente lo guardo y no lo apuro, pero con la entera confianza de que ser\u00e1 en el mejor momento.<\/p><p style=\"text-align: justify;\"><br><\/p><p style=\"text-align: justify;\">Cierto es que escribir suena m\u00e1s f\u00e1cil decirlo que hacerlo, y una vez que regres\u00e9 del largo viaje con mis manuscritos fragmentados en hojas sueltas y cuadernos aguerridos, fue dif\u00edcil conectarme con el trabajo de escribir en una computadora. El proceso de tipear me cansaba y me aburr\u00eda r\u00e1pidamente, me quitaba elocuencia y me hac\u00eda redundar constantemente en p\u00e1rrafos y oraciones. Y en el mientras tanto, por supuesto que se contempla el contexto, ya que para poder escribir, hay que partir de la base de que uno tiene que estar tranquilo e inspirado. Encontrar, construir y establecer ese espacio fue por muchos a\u00f1os una lucha sin fin, ya que viv\u00eda constantemente de un lugar a otro, entre viajes, mudanzas y decisiones.<\/p><p style=\"text-align: justify;\"><br><\/p><p style=\"text-align: justify;\">A los 26 a\u00f1os viv\u00eda en Venecia, y all\u00ed cre\u00eda haber encontrado mi lugar en el mundo. Trabajaba en un hotel y me sobraba el tiempo y la libertad para sumergirme en el romanticismo de sus canales. Pero de un d\u00eda para el otro todo eso desapareci\u00f3 y una pandemia puso todo de rev\u00e9s. Lejos de huir y volver a mi casa, decid\u00ed afrontar la odisea que implicar\u00eda sobrevivir solo y sin techo en el mundo. Aquel periodo fue quiz\u00e1s el m\u00e1s dif\u00edcil de mi vida,&nbsp; pero fue el que revindic\u00f3 mi esencia de escritor, ya que me sobraba lo que siempre necesitaba: tiempo.<\/p><p style=\"text-align: justify;\"><br><\/p><p style=\"text-align: justify;\">Durante el primer a\u00f1o de pandemia estuve escribiendo poes\u00edas, que no hac\u00edan m\u00e1s que canalizar y romantizar el naufragio que atravesaba entre el desconcierto y el caos. Blandiendo el arte de viajar fui por varias ciudades y eso aliment\u00f3 mucha mi creatividad, hasta que al cabo de un tiempo, ten\u00eda en mi cabeza una nueva historia, y que desde el principio supe, ser\u00eda la mejor de mi vida.<\/p><p style=\"text-align: justify;\"><br><\/p><p style=\"text-align: justify;\">As\u00ed se comenz\u00f3 a gestar el \u201cPe\u00f3n Bohemio\u201d, una historia de fantas\u00eda en la cual un universo de ajedrez refleja el proceso mediante el cual yo me antepuse a la dura y conflictiva realidad causada por el coronavirus. El proceso creativo de aquel libro implic\u00f3 un peregrinaje desde Roma hasta Santiago de Compostela, careciendo dinero a lo largo de cinco meses y m\u00e1s de 3000 km de camino. Por supuesto mucho me entusiasma el resultado de tal aventura, y por eso hoy en d\u00eda el Pe\u00f3n Bohemio es mi mayor proyecto y el libro que m\u00e1s deseos tengo de ver publicado.<\/p><p style=\"text-align: justify;\"><br><\/p><p style=\"text-align: justify;\">Sin querer dejar por fuera la historia de aquel m\u00edtico peregrinaje, comenc\u00e9 a escribir en paralelo al Pe\u00f3n Bohemio, un libro titulado: \u201cAlea Iacta Est\u201d (La suerte fue echada), que no solo narra la incre\u00edble aventura vivida, sino tambi\u00e9n el proceso mediante el cual el ajedrez fue mi herramienta para defenderme y vencer.&nbsp;<\/p><p style=\"text-align: justify;\"><br><\/p><p style=\"text-align: justify;\">Ambos libros avanzan d\u00eda a d\u00eda, y tengo mucha confianza en que pronto saldr\u00e1n a la luz. Sin embargo, el 2023 estaba predestinado a ser mi gran a\u00f1o. Desde un inicio me sorprendi\u00f3 con la posibilidad de publicar mis primeras palabras en este diario, al cual agradezco y aprecio much\u00edsimo. Los meses siguen pasando y siempre todo cada vez mejor.<br><\/p><p style=\"text-align: justify;\"><br><\/p><p style=\"text-align: justify;\">El 23 de septiembre del 2023, en mi cumplea\u00f1os n\u00famero 30, quise regalarme algo muy especial: publicar mi primer libro. Fue entonces que reun\u00ed todas las poes\u00edas que hab\u00eda escrito durante el 2020 y compagin\u00e9 un poemario que titule: \u201cLa cuarentena en el desierto\u201d. Mediante un f\u00e1cil proceso de auto publicaci\u00f3n de Amazon, logr\u00e9 imprimir sus 84 p\u00e1ginas en formato de tapa blanda y por primera vez en mi vida, en el d\u00eda de mi cumplea\u00f1os, tuve un libro m\u00edo en las manos.<\/p><p style=\"text-align: justify;\"><br><\/p><p style=\"text-align: justify;\">A\u00fan no es mi mayor oficio, pero escribir es la aventura m\u00e1s romantica de mi vida.<\/p><p style=\"text-align: justify;\"><br><\/p>\n<p style=\"text-align: right;\">Nicol\u00e1s Simone<\/p>\n<p style=\"text-align: right;\">@soyharmonico<\/p>\n\n\n","protected":false},"excerpt":{"rendered":"","protected":false},"author":1,"featured_media":0,"parent":0,"menu_order":0,"comment_status":"closed","ping_status":"closed","template":"","meta":{"pagelayer_contact_templates":[],"_pagelayer_content":"","footnotes":""},"class_list":["post-47","page","type-page","status-publish","hentry"],"_links":{"self":[{"href":"https:\/\/soyharmonico.com\/blog\/wp-json\/wp\/v2\/pages\/47","targetHints":{"allow":["GET"]}}],"collection":[{"href":"https:\/\/soyharmonico.com\/blog\/wp-json\/wp\/v2\/pages"}],"about":[{"href":"https:\/\/soyharmonico.com\/blog\/wp-json\/wp\/v2\/types\/page"}],"author":[{"embeddable":true,"href":"https:\/\/soyharmonico.com\/blog\/wp-json\/wp\/v2\/users\/1"}],"replies":[{"embeddable":true,"href":"https:\/\/soyharmonico.com\/blog\/wp-json\/wp\/v2\/comments?post=47"}],"version-history":[{"count":14,"href":"https:\/\/soyharmonico.com\/blog\/wp-json\/wp\/v2\/pages\/47\/revisions"}],"predecessor-version":[{"id":111,"href":"https:\/\/soyharmonico.com\/blog\/wp-json\/wp\/v2\/pages\/47\/revisions\/111"}],"wp:attachment":[{"href":"https:\/\/soyharmonico.com\/blog\/wp-json\/wp\/v2\/media?parent=47"}],"curies":[{"name":"wp","href":"https:\/\/api.w.org\/{rel}","templated":true}]}}